{"id":23,"date":"2015-06-22T12:28:30","date_gmt":"2015-06-22T10:28:30","guid":{"rendered":"http:\/\/m77.corsidistudio.unina.it\/?page_id=23"},"modified":"2015-09-23T22:30:46","modified_gmt":"2015-09-23T20:30:46","slug":"organizzazione","status":"publish","type":"page","link":"https:\/\/m77.corsidistudio.unina.it\/?page_id=23","title":{"rendered":"Organizzazione"},"content":{"rendered":"<p><a href=\"http:\/\/m77.corsidistudio.unina.it\/wp-content\/uploads\/sites\/12\/2015\/06\/logo270px.png\"><img loading=\"lazy\" decoding=\"async\" class=\"alignnone size-full wp-image-109\" src=\"http:\/\/m77.corsidistudio.unina.it\/wp-content\/uploads\/sites\/12\/2015\/06\/logo270px.png\" alt=\"logo270px\" width=\"270\" height=\"82\" \/><\/a><\/p>\n<p>&nbsp;<\/p>\n<p>PERCORSO FORMATIVO<br \/>\n1\u00b0 ANNO<br \/>\nFinalizzato a fornire le conoscenze relative alla struttura e alla funzione di organi ed apparati, nonch\u00e9 alla tipologia dei fenomeni biologici, con particolare riferimento alla riproduzione umana e nozioni teorico-pratiche di assistenza generale di base, assistenza ostetrico-neoantale secondo i principi della Midwifery con conoscenze relative alle esigenze di una utenza multietnica in ambito materno-infantile volta a creare le condizioni per affrontare la prima esperienza di tirocinio negli ambiti professionali di riferimento ed acquisire le competenze assistenziali di base.<\/p>\n<p>2\u00b0ANNO<br \/>\nFinalizzato all&#8217;approfondimento delle conoscenze fisiopatologiche, cliniche specialistiche e assistenziali per la gestione della gravidanza fisiologica e della gravidanza a rischio e nell&#8217;assistenza al neonato sano e critico . Dovr\u00e0 acquisire competenze in ambito chirurgico ostetrico e specialistico in collaborazione con lo specialista e abilit\u00e0 comunicative per il passaggio di informazioni verso il singolo, coppia e comunit\u00e0, finalizzate alla prevenzione e promozione della salute della donna\/coppia\/famiglia. Le esperienze di tirocinio si svolgono in contesti ospedalieri e territoriali (consultori, case da parto, distretti, istituti convenzionati) per consentire allo studente di sperimentare le conoscenze e le tecniche apprese.<\/p>\n<p>3\u00b0ANNO<br \/>\nFinalizzato all&#8217;approfondimento delle conoscenze oncologico, endocrinologico, sessuologico e contraccettivo e ai quadri anatomo-patologici delle neoplasie ginecologiche nonch\u00e9 dei principi di bioetica e delle norme etiche e deontologiche proprie della professione di ostetrica con una progressiva autonomia di giudizio clinico nella gestione di emergenze ed urgenze ostetriche in autonomia e in collaborazione con altri professionisti; all&#8217;acquisizione di competenze metodologiche per la comprensione della ricerca ostetrica e a supporto dell&#8217; elaborazione della tesi finale. Aumenta la rilevanza del tirocinio svolto all&#8217;interno dei punti nascita di 1\u00b0, 2\u00b0 e 3\u00b0 livello di criticit\u00e0 con turnazione e a livello territoriale per quanto riguarda l&#8217;assistenza alla gravida fisiologica in autonomia.<\/p>\n<p>La logica curriculare si \u00e8 concretizzata nella progressiva distribuzione delle esperienze di tirocinio che vengono incrementate nel corso del triennio di studi.<\/p>\n","protected":false},"excerpt":{"rendered":"<p>&nbsp; PERCORSO FORMATIVO 1\u00b0 ANNO Finalizzato a fornire le conoscenze relative alla struttura e alla funzione di organi ed apparati, nonch\u00e9 alla tipologia dei fenomeni &#8230; <\/p>\n","protected":false},"author":3,"featured_media":0,"parent":19,"menu_order":0,"comment_status":"open","ping_status":"open","template":"page-fullwidth.php","meta":{"footnotes":""},"class_list":["post-23","page","type-page","status-publish","hentry"],"_links":{"self":[{"href":"https:\/\/m77.corsidistudio.unina.it\/index.php?rest_route=\/wp\/v2\/pages\/23","targetHints":{"allow":["GET"]}}],"collection":[{"href":"https:\/\/m77.corsidistudio.unina.it\/index.php?rest_route=\/wp\/v2\/pages"}],"about":[{"href":"https:\/\/m77.corsidistudio.unina.it\/index.php?rest_route=\/wp\/v2\/types\/page"}],"author":[{"embeddable":true,"href":"https:\/\/m77.corsidistudio.unina.it\/index.php?rest_route=\/wp\/v2\/users\/3"}],"replies":[{"embeddable":true,"href":"https:\/\/m77.corsidistudio.unina.it\/index.php?rest_route=%2Fwp%2Fv2%2Fcomments&post=23"}],"version-history":[{"count":6,"href":"https:\/\/m77.corsidistudio.unina.it\/index.php?rest_route=\/wp\/v2\/pages\/23\/revisions"}],"predecessor-version":[{"id":225,"href":"https:\/\/m77.corsidistudio.unina.it\/index.php?rest_route=\/wp\/v2\/pages\/23\/revisions\/225"}],"up":[{"embeddable":true,"href":"https:\/\/m77.corsidistudio.unina.it\/index.php?rest_route=\/wp\/v2\/pages\/19"}],"wp:attachment":[{"href":"https:\/\/m77.corsidistudio.unina.it\/index.php?rest_route=%2Fwp%2Fv2%2Fmedia&parent=23"}],"curies":[{"name":"wp","href":"https:\/\/api.w.org\/{rel}","templated":true}]}}